{"id":1728,"date":"2024-08-11T13:53:43","date_gmt":"2024-08-11T16:53:43","guid":{"rendered":"https:\/\/intersolsur.com.ar\/?post_type=product&#038;p=1728"},"modified":"2024-09-27T17:33:46","modified_gmt":"2024-09-27T20:33:46","slug":"generador-solar-1000w","status":"publish","type":"product","link":"https:\/\/intersolsur.com.ar\/?product=generador-solar-1000w","title":{"rendered":"Generador Solar 1000w"},"content":{"rendered":"<p class=\"p1\"><strong>Entrada CA (entrada corriente alterna)<\/strong><\/p>\n<p class=\"p1\"><span class=\"s1\">\u2022 <\/span>Tensi\u00f3n nominal de entrada CA: 230 Vca \u00b15% (Tensi\u00f3n de CA para la que est\u00e1 dise\u00f1ado el dispositivo)<br \/>\n<span class=\"s1\">\u2022 <\/span>Rango de tensi\u00f3n de entrada aceptable: 90-280 Vca (Rango de tensi\u00f3n de CA en el que el dispositivo puede funcionar)<br \/>\n<span class=\"s1\">\u2022 <\/span>Frecuencia nominal de entrada: 50 Hz \/ 60 Hz (Detecci\u00f3n autom\u00e1tica) (Frecuencia de la red el\u00e9ctrica a la que se puede conectar el dispositivo)<br \/>\n<span class=\"s1\">\u2022 <\/span>Tiempo de transferencia: 10ms t\u00edpico (UPS, VDE); 20ms t\u00edpico (APL) (Tiempo que tarda el dispositivo en cambiar entre la energ\u00eda de la red y la energ\u00eda de la bater\u00eda) Salida CA (salida corriente alterna<br \/>\n<span class=\"s1\">\u2022 <\/span>Salida CA: 230 Vca ( tensi\u00f3n de CA que proporciona el dispositivo a las salidas)<br \/>\n<span class=\"s1\">\u2022 <\/span>Salidas: 4 tomas de corriente alterna (CA)<br \/>\n<span class=\"s1\">\u2022 <\/span>Salida adicional: 1 tipo C<br \/>\n<span class=\"s1\">\u2022 <\/span>Salidas USB: 4 salidas USB de 5V 2.4\u00aa<br \/>\n<span class=\"s1\">\u2022 <\/span>Salidas USB adicionales: 2 salidas USB de 12V 1\u00aa Bater\u00eda de Litio<br \/>\n<span class=\"s1\">\u2022 <\/span>Capacidad: 960Wh (capacidad de almacenamiento de energ\u00eda de la bater\u00eda)<br \/>\n<span class=\"s1\">\u2022 <\/span>Voltaje nominal: 12.8V<br \/>\n<span class=\"s1\">\u2022 <\/span>Capacidad nominal: 100Ah (cantidad total de energ\u00eda que puede almacenar la bater\u00eda)<br \/>\n<span class=\"s1\">\u2022 <\/span>Placa de protecci\u00f3n: 100A (protege la bater\u00eda de sobrecargas y sobre descargas)<br \/>\n<span class=\"s1\">\u2022 <\/span>Corriente nominal de carga y descarga: 50A (m\u00e1xima corriente que puede entrar o salir de la bater\u00eda de forma continua)<br \/>\n<span class=\"s1\">\u2022 <\/span>Temperatura de funcionamiento<\/p>\n<p class=\"p1\">Carga: 0~45\u2103 (rango de temperatura ambiente en el que se puede cargar la bater\u00eda)<br \/>\nDescarga: -10~60\u2103 (rango de temperatura ambiente en el que se puede utilizar la bater\u00eda)\u00c7<br \/>\nDimensiones (Largo x Ancho x Alto): 359 x 234 x 499 mm<\/p>\n","protected":false},"excerpt":{"rendered":"<p class=\"p1\">INVERTER<\/p>\n<p class=\"p1\">\u2022 Potencia nominal: 1000 W (Potencia continua)<\/p>\n<p class=\"p1\">\u2022 Potencia de pico: 2000 W (Potencia de sobrecarga)<\/p>\n<p class=\"p1\">\u2022 Forma de onda de voltaje de salida: Onda sinusoidal pura<\/p>\n<p class=\"p1\">\u2022 Regulaci\u00f3n de voltaje de salida: 220~240 Vca (ajustable)<\/p>\n<p class=\"p1\">\u2022 Frecuencia de salida: 50 Hz \/ 60 Hz (\u00b1 0.2 Hz)<\/p>\n<p class=\"p1\">\u2022 Tensi\u00f3n nominal de entrada CC 12 Vcc (\u00b10.3)<\/p>\n<p class=\"p1\">\u2022 Consumo en espera &lt; 25 W<\/p>\n<p class=\"p1\">Entrada FV (entrada fotovoltaica)<\/p>\n<p class=\"p1\">\u2022 Potencia m\u00e1xima de entrada solar: 900W (m\u00e1xima potencia que puede aceptar proveniente de los paneles solares)<\/p>\n<p class=\"p1\">\u2022 Corriente m\u00e1xima de carga FV: 60A (\u00b13A) (m\u00e1xima corriente que el inversor puede recibir de los paneles solares)<\/p>\n<p class=\"p1\">\u2022 Corriente de carga combinada: 70A (\u00b14A) (corriente total m\u00e1xima que puede manejar el inversor, incluyendo la FV y otras fuentes)<\/p>\n<p class=\"p1\">\u2022 Eficiencia m\u00e1xima: 98.0% (porcentaje m\u00e1ximo de la energ\u00eda solar que se convierte en energ\u00eda utilizable)<\/p>\n<p class=\"p1\">\u2022 Tensi\u00f3n de circuito abierto del arreglo FV: 105 VCC (m\u00e1xima tensi\u00f3n que pueden generar los paneles solares en circuito abierto)<\/p>\n<p class=\"p1\">\u2022 Rango de tensi\u00f3n MPPT del arreglo FV: 15~105 VCC (rango de tensi\u00f3n en el que el inversor opera con m\u00e1xima eficiencia para extraer la mayor potencia posible de los paneles solares)<\/p>\n","protected":false},"featured_media":1729,"template":"","meta":{"_monsterinsights_skip_tracking":false,"_monsterinsights_sitenote_active":false,"_monsterinsights_sitenote_note":"","_monsterinsights_sitenote_category":0,"site-sidebar-layout":"default","site-content-layout":"default","ast-site-content-layout":"default","site-content-style":"default","site-sidebar-style":"default","ast-global-header-display":"","ast-banner-title-visibility":"","ast-main-header-display":"","ast-hfb-above-header-display":"","ast-hfb-below-header-display":"","ast-hfb-mobile-header-display":"","site-post-title":"","ast-breadcrumbs-content":"","ast-featured-img":"","footer-sml-layout":"","ast-disable-related-posts":"","theme-transparent-header-meta":"default","adv-header-id-meta":"","stick-header-meta":"","header-above-stick-meta":"","header-main-stick-meta":"","header-below-stick-meta":"","astra-migrate-meta-layouts":"set","ast-page-background-enabled":"default","ast-page-background-meta":{"desktop":{"background-color":"","background-image":"","background-repeat":"repeat","background-position":"center center","background-size":"auto","background-attachment":"scroll","background-type":"","background-media":"","overlay-type":"","overlay-color":"","overlay-opacity":"","overlay-gradient":""},"tablet":{"background-color":"","background-image":"","background-repeat":"repeat","background-position":"center center","background-size":"auto","background-attachment":"scroll","background-type":"","background-media":"","overlay-type":"","overlay-color":"","overlay-opacity":"","overlay-gradient":""},"mobile":{"background-color":"","background-image":"","background-repeat":"repeat","background-position":"center center","background-size":"auto","background-attachment":"scroll","background-type":"","background-media":"","overlay-type":"","overlay-color":"","overlay-opacity":"","overlay-gradient":""}},"ast-content-background-meta":{"desktop":{"background-color":"var(--ast-global-color-5)","background-image":"","background-repeat":"repeat","background-position":"center center","background-size":"auto","background-attachment":"scroll","background-type":"","background-media":"","overlay-type":"","overlay-color":"","overlay-opacity":"","overlay-gradient":""},"tablet":{"background-color":"var(--ast-global-color-5)","background-image":"","background-repeat":"repeat","background-position":"center center","background-size":"auto","background-attachment":"scroll","background-type":"","background-media":"","overlay-type":"","overlay-color":"","overlay-opacity":"","overlay-gradient":""},"mobile":{"background-color":"var(--ast-global-color-5)","background-image":"","background-repeat":"repeat","background-position":"center center","background-size":"auto","background-attachment":"scroll","background-type":"","background-media":"","overlay-type":"","overlay-color":"","overlay-opacity":"","overlay-gradient":""}}},"product_brand":[],"product_cat":[28],"product_tag":[],"class_list":{"0":"post-1728","1":"product","2":"type-product","3":"status-publish","4":"has-post-thumbnail","6":"product_cat-equipos-solares","7":"desktop-align-left","8":"tablet-align-left","9":"mobile-align-left","11":"first","12":"instock","13":"taxable","14":"shipping-taxable","15":"purchasable","16":"product-type-simple"},"aioseo_notices":[],"_links":{"self":[{"href":"https:\/\/intersolsur.com.ar\/index.php?rest_route=\/wp\/v2\/product\/1728","targetHints":{"allow":["GET"]}}],"collection":[{"href":"https:\/\/intersolsur.com.ar\/index.php?rest_route=\/wp\/v2\/product"}],"about":[{"href":"https:\/\/intersolsur.com.ar\/index.php?rest_route=\/wp\/v2\/types\/product"}],"version-history":[{"count":3,"href":"https:\/\/intersolsur.com.ar\/index.php?rest_route=\/wp\/v2\/product\/1728\/revisions"}],"predecessor-version":[{"id":1732,"href":"https:\/\/intersolsur.com.ar\/index.php?rest_route=\/wp\/v2\/product\/1728\/revisions\/1732"}],"wp:featuredmedia":[{"embeddable":true,"href":"https:\/\/intersolsur.com.ar\/index.php?rest_route=\/wp\/v2\/media\/1729"}],"wp:attachment":[{"href":"https:\/\/intersolsur.com.ar\/index.php?rest_route=%2Fwp%2Fv2%2Fmedia&parent=1728"}],"wp:term":[{"taxonomy":"product_brand","embeddable":true,"href":"https:\/\/intersolsur.com.ar\/index.php?rest_route=%2Fwp%2Fv2%2Fproduct_brand&post=1728"},{"taxonomy":"product_cat","embeddable":true,"href":"https:\/\/intersolsur.com.ar\/index.php?rest_route=%2Fwp%2Fv2%2Fproduct_cat&post=1728"},{"taxonomy":"product_tag","embeddable":true,"href":"https:\/\/intersolsur.com.ar\/index.php?rest_route=%2Fwp%2Fv2%2Fproduct_tag&post=1728"}],"curies":[{"name":"wp","href":"https:\/\/api.w.org\/{rel}","templated":true}]}}